{"id":1194,"date":"2025-02-07T11:49:47","date_gmt":"2025-02-07T11:49:47","guid":{"rendered":"https:\/\/www.ollamatelier.sk\/eshop\/?post_type=product&#038;p=1194"},"modified":"2025-02-07T12:46:36","modified_gmt":"2025-02-07T12:46:36","slug":"lampa-svamp","status":"publish","type":"product","link":"https:\/\/www.ollamatelier.sk\/eshop\/produkt\/lampa-svamp\/","title":{"rendered":"Lampa Svamp"},"content":{"rendered":"<p>[et_pb_section fb_built=&#8220;1&#8243; _builder_version=&#8220;4.16&#8243; custom_padding=&#8220;0px||||false|false&#8220; global_colors_info=&#8220;{}&#8220;][et_pb_row _builder_version=&#8220;4.16&#8243; background_size=&#8220;initial&#8220; background_position=&#8220;top_left&#8220; background_repeat=&#8220;repeat&#8220; width=&#8220;100%&#8220; custom_padding=&#8220;0px||0px||false|false&#8220; global_colors_info=&#8220;{}&#8220;][et_pb_column type=&#8220;4_4&#8243; _builder_version=&#8220;4.16&#8243; custom_padding=&#8220;|||&#8220; global_colors_info=&#8220;{}&#8220; custom_padding__hover=&#8220;|||&#8220;][et_pb_wc_breadcrumb _builder_version=&#8220;4.16&#8243; global_colors_info=&#8220;{}&#8220;][\/et_pb_wc_breadcrumb][et_pb_wc_cart_notice _builder_version=&#8220;4.16&#8243; global_colors_info=&#8220;{}&#8220;][\/et_pb_wc_cart_notice][\/et_pb_column][\/et_pb_row][et_pb_row column_structure=&#8220;1_2,1_2&#8243; _builder_version=&#8220;4.16&#8243; background_size=&#8220;initial&#8220; background_position=&#8220;top_left&#8220; background_repeat=&#8220;repeat&#8220; width=&#8220;100%&#8220; custom_padding=&#8220;0px||||false|false&#8220; global_colors_info=&#8220;{}&#8220;][et_pb_column type=&#8220;1_2&#8243; _builder_version=&#8220;4.16&#8243; custom_padding=&#8220;|||&#8220; global_colors_info=&#8220;{}&#8220; custom_padding__hover=&#8220;|||&#8220;][et_pb_wc_images _builder_version=&#8220;4.16&#8243; global_colors_info=&#8220;{}&#8220;][\/et_pb_wc_images][\/et_pb_column][et_pb_column type=&#8220;1_2&#8243; _builder_version=&#8220;4.16&#8243; custom_padding=&#8220;|||&#8220; global_colors_info=&#8220;{}&#8220; custom_padding__hover=&#8220;|||&#8220;][et_pb_wc_title _builder_version=&#8220;4.16&#8243; global_colors_info=&#8220;{}&#8220;][\/et_pb_wc_title][et_pb_wc_rating _builder_version=&#8220;4.16&#8243; global_colors_info=&#8220;{}&#8220;][\/et_pb_wc_rating][et_pb_wc_price _builder_version=&#8220;4.16&#8243; global_colors_info=&#8220;{}&#8220;][\/et_pb_wc_price][et_pb_wc_description _builder_version=&#8220;4.16&#8243; global_colors_info=&#8220;{}&#8220;][\/et_pb_wc_description][et_pb_wc_add_to_cart _builder_version=&#8220;4.16&#8243; global_colors_info=&#8220;{}&#8220;][\/et_pb_wc_add_to_cart][et_pb_wc_meta _builder_version=&#8220;4.16&#8243; global_colors_info=&#8220;{}&#8220;][\/et_pb_wc_meta][\/et_pb_column][\/et_pb_row][et_pb_row _builder_version=&#8220;4.16&#8243; background_size=&#8220;initial&#8220; background_position=&#8220;top_left&#8220; background_repeat=&#8220;repeat&#8220; width=&#8220;100%&#8220; global_colors_info=&#8220;{}&#8220;][et_pb_column type=&#8220;4_4&#8243; _builder_version=&#8220;4.16&#8243; custom_padding=&#8220;|||&#8220; global_colors_info=&#8220;{}&#8220; custom_padding__hover=&#8220;|||&#8220;][et_pb_wc_upsells _builder_version=&#8220;4.16&#8243; global_colors_info=&#8220;{}&#8220;][\/et_pb_wc_upsells][et_pb_wc_related_products _builder_version=&#8220;4.16&#8243; global_colors_info=&#8220;{}&#8220;][\/et_pb_wc_related_products][\/et_pb_column][\/et_pb_row][\/et_pb_section]<\/p>\n","protected":false},"excerpt":{"rendered":"<p>Jedine\u010dn\u00e1 dizajnov\u00e1 lampa z jedn\u00e9ho kusu skla vynikne v ka\u017edom interi\u00e9ri.<\/p>\n<p>V\u00fd\u0161ka lampy je 30cm, priemer klob\u00fa\u010diku 25cm<\/p>\n","protected":false},"featured_media":1195,"template":"","meta":{"_et_pb_use_builder":"on","_et_pb_old_content":"","_et_gb_content_width":"","bwfblock_default_font":"","_monsterinsights_skip_tracking":false,"_monsterinsights_sitenote_active":false,"_monsterinsights_sitenote_note":"","_monsterinsights_sitenote_category":0},"product_cat":[113,124],"product_tag":[],"yoast_head":"<!-- This site is optimized with the Yoast SEO plugin v23.5 - https:\/\/yoast.com\/wordpress\/plugins\/seo\/ -->\n<title>Lampa Svamp -<\/title>\n<meta name=\"robots\" content=\"index, follow, max-snippet:-1, max-image-preview:large, max-video-preview:-1\" \/>\n<link rel=\"canonical\" href=\"https:\/\/www.ollamatelier.sk\/eshop\/produkt\/lampa-svamp\/\" \/>\n<meta property=\"og:locale\" content=\"sk_SK\" \/>\n<meta property=\"og:type\" content=\"article\" \/>\n<meta property=\"og:title\" content=\"Lampa Svamp -\" \/>\n<meta property=\"og:description\" content=\"Jedine\u010dn\u00e1 dizajnov\u00e1 lampa z jedn\u00e9ho kusu skla vynikne v ka\u017edom interi\u00e9ri.  V\u00fd\u0161ka lampy je 30cm, priemer klob\u00fa\u010diku 25cm\" \/>\n<meta property=\"og:url\" content=\"https:\/\/www.ollamatelier.sk\/eshop\/produkt\/lampa-svamp\/\" \/>\n<meta property=\"article:modified_time\" content=\"2025-02-07T12:46:36+00:00\" \/>\n<meta property=\"og:image\" content=\"https:\/\/www.ollamatelier.sk\/eshop\/wp-content\/uploads\/2025\/02\/IMG_2935-2-scaled.jpg\" \/>\n\t<meta property=\"og:image:width\" content=\"1920\" \/>\n\t<meta property=\"og:image:height\" content=\"2560\" \/>\n\t<meta property=\"og:image:type\" content=\"image\/jpeg\" \/>\n<meta name=\"twitter:card\" content=\"summary_large_image\" \/>\n<meta name=\"twitter:label1\" content=\"Predpokladan\u00fd \u010das \u010d\u00edtania\" \/>\n\t<meta name=\"twitter:data1\" content=\"2 min\u00faty\" \/>\n<script type=\"application\/ld+json\" class=\"yoast-schema-graph\">{\"@context\":\"https:\/\/schema.org\",\"@graph\":[{\"@type\":\"WebPage\",\"@id\":\"https:\/\/www.ollamatelier.sk\/eshop\/produkt\/lampa-svamp\/\",\"url\":\"https:\/\/www.ollamatelier.sk\/eshop\/produkt\/lampa-svamp\/\",\"name\":\"Lampa Svamp -\",\"isPartOf\":{\"@id\":\"https:\/\/www.ollamatelier.sk\/eshop\/#website\"},\"primaryImageOfPage\":{\"@id\":\"https:\/\/www.ollamatelier.sk\/eshop\/produkt\/lampa-svamp\/#primaryimage\"},\"image\":{\"@id\":\"https:\/\/www.ollamatelier.sk\/eshop\/produkt\/lampa-svamp\/#primaryimage\"},\"thumbnailUrl\":\"https:\/\/www.ollamatelier.sk\/eshop\/wp-content\/uploads\/2025\/02\/IMG_2935-2-scaled.jpg\",\"datePublished\":\"2025-02-07T11:49:47+00:00\",\"dateModified\":\"2025-02-07T12:46:36+00:00\",\"breadcrumb\":{\"@id\":\"https:\/\/www.ollamatelier.sk\/eshop\/produkt\/lampa-svamp\/#breadcrumb\"},\"inLanguage\":\"sk-SK\",\"potentialAction\":[{\"@type\":\"ReadAction\",\"target\":[\"https:\/\/www.ollamatelier.sk\/eshop\/produkt\/lampa-svamp\/\"]}]},{\"@type\":\"ImageObject\",\"inLanguage\":\"sk-SK\",\"@id\":\"https:\/\/www.ollamatelier.sk\/eshop\/produkt\/lampa-svamp\/#primaryimage\",\"url\":\"https:\/\/www.ollamatelier.sk\/eshop\/wp-content\/uploads\/2025\/02\/IMG_2935-2-scaled.jpg\",\"contentUrl\":\"https:\/\/www.ollamatelier.sk\/eshop\/wp-content\/uploads\/2025\/02\/IMG_2935-2-scaled.jpg\",\"width\":1920,\"height\":2560},{\"@type\":\"BreadcrumbList\",\"@id\":\"https:\/\/www.ollamatelier.sk\/eshop\/produkt\/lampa-svamp\/#breadcrumb\",\"itemListElement\":[{\"@type\":\"ListItem\",\"position\":1,\"name\":\"Home\",\"item\":\"https:\/\/www.ollamatelier.sk\/eshop\/\"},{\"@type\":\"ListItem\",\"position\":2,\"name\":\"Obchod\",\"item\":\"https:\/\/www.ollamatelier.sk\/eshop\/obchod\/\"},{\"@type\":\"ListItem\",\"position\":3,\"name\":\"Lampa Svamp\"}]},{\"@type\":\"WebSite\",\"@id\":\"https:\/\/www.ollamatelier.sk\/eshop\/#website\",\"url\":\"https:\/\/www.ollamatelier.sk\/eshop\/\",\"name\":\"\",\"description\":\"Vence, kytice \u010di izbov\u00e9 kvety v\u0161etko pestovan\u00e9 mnou a moj\u00edmi rukami. Okrem in\u00e9ho tu n\u00e1jdete aj doplnky, ktor\u00e9 z\u00fatulnia ka\u017ed\u00fa dom\u00e1cnos\u0165.\",\"potentialAction\":[{\"@type\":\"SearchAction\",\"target\":{\"@type\":\"EntryPoint\",\"urlTemplate\":\"https:\/\/www.ollamatelier.sk\/eshop\/?s={search_term_string}\"},\"query-input\":{\"@type\":\"PropertyValueSpecification\",\"valueRequired\":true,\"valueName\":\"search_term_string\"}}],\"inLanguage\":\"sk-SK\"}]}<\/script>\n<!-- \/ Yoast SEO plugin. -->","yoast_head_json":{"title":"Lampa Svamp -","robots":{"index":"index","follow":"follow","max-snippet":"max-snippet:-1","max-image-preview":"max-image-preview:large","max-video-preview":"max-video-preview:-1"},"canonical":"https:\/\/www.ollamatelier.sk\/eshop\/produkt\/lampa-svamp\/","og_locale":"sk_SK","og_type":"article","og_title":"Lampa Svamp -","og_description":"Jedine\u010dn\u00e1 dizajnov\u00e1 lampa z jedn\u00e9ho kusu skla vynikne v ka\u017edom interi\u00e9ri.  V\u00fd\u0161ka lampy je 30cm, priemer klob\u00fa\u010diku 25cm","og_url":"https:\/\/www.ollamatelier.sk\/eshop\/produkt\/lampa-svamp\/","article_modified_time":"2025-02-07T12:46:36+00:00","og_image":[{"width":1920,"height":2560,"url":"https:\/\/www.ollamatelier.sk\/eshop\/wp-content\/uploads\/2025\/02\/IMG_2935-2-scaled.jpg","type":"image\/jpeg"}],"twitter_card":"summary_large_image","twitter_misc":{"Predpokladan\u00fd \u010das \u010d\u00edtania":"2 min\u00faty"},"schema":{"@context":"https:\/\/schema.org","@graph":[{"@type":"WebPage","@id":"https:\/\/www.ollamatelier.sk\/eshop\/produkt\/lampa-svamp\/","url":"https:\/\/www.ollamatelier.sk\/eshop\/produkt\/lampa-svamp\/","name":"Lampa Svamp -","isPartOf":{"@id":"https:\/\/www.ollamatelier.sk\/eshop\/#website"},"primaryImageOfPage":{"@id":"https:\/\/www.ollamatelier.sk\/eshop\/produkt\/lampa-svamp\/#primaryimage"},"image":{"@id":"https:\/\/www.ollamatelier.sk\/eshop\/produkt\/lampa-svamp\/#primaryimage"},"thumbnailUrl":"https:\/\/www.ollamatelier.sk\/eshop\/wp-content\/uploads\/2025\/02\/IMG_2935-2-scaled.jpg","datePublished":"2025-02-07T11:49:47+00:00","dateModified":"2025-02-07T12:46:36+00:00","breadcrumb":{"@id":"https:\/\/www.ollamatelier.sk\/eshop\/produkt\/lampa-svamp\/#breadcrumb"},"inLanguage":"sk-SK","potentialAction":[{"@type":"ReadAction","target":["https:\/\/www.ollamatelier.sk\/eshop\/produkt\/lampa-svamp\/"]}]},{"@type":"ImageObject","inLanguage":"sk-SK","@id":"https:\/\/www.ollamatelier.sk\/eshop\/produkt\/lampa-svamp\/#primaryimage","url":"https:\/\/www.ollamatelier.sk\/eshop\/wp-content\/uploads\/2025\/02\/IMG_2935-2-scaled.jpg","contentUrl":"https:\/\/www.ollamatelier.sk\/eshop\/wp-content\/uploads\/2025\/02\/IMG_2935-2-scaled.jpg","width":1920,"height":2560},{"@type":"BreadcrumbList","@id":"https:\/\/www.ollamatelier.sk\/eshop\/produkt\/lampa-svamp\/#breadcrumb","itemListElement":[{"@type":"ListItem","position":1,"name":"Home","item":"https:\/\/www.ollamatelier.sk\/eshop\/"},{"@type":"ListItem","position":2,"name":"Obchod","item":"https:\/\/www.ollamatelier.sk\/eshop\/obchod\/"},{"@type":"ListItem","position":3,"name":"Lampa Svamp"}]},{"@type":"WebSite","@id":"https:\/\/www.ollamatelier.sk\/eshop\/#website","url":"https:\/\/www.ollamatelier.sk\/eshop\/","name":"","description":"Vence, kytice \u010di izbov\u00e9 kvety v\u0161etko pestovan\u00e9 mnou a moj\u00edmi rukami. Okrem in\u00e9ho tu n\u00e1jdete aj doplnky, ktor\u00e9 z\u00fatulnia ka\u017ed\u00fa dom\u00e1cnos\u0165.","potentialAction":[{"@type":"SearchAction","target":{"@type":"EntryPoint","urlTemplate":"https:\/\/www.ollamatelier.sk\/eshop\/?s={search_term_string}"},"query-input":{"@type":"PropertyValueSpecification","valueRequired":true,"valueName":"search_term_string"}}],"inLanguage":"sk-SK"}]}},"_links":{"self":[{"href":"https:\/\/www.ollamatelier.sk\/eshop\/wp-json\/wp\/v2\/product\/1194"}],"collection":[{"href":"https:\/\/www.ollamatelier.sk\/eshop\/wp-json\/wp\/v2\/product"}],"about":[{"href":"https:\/\/www.ollamatelier.sk\/eshop\/wp-json\/wp\/v2\/types\/product"}],"wp:featuredmedia":[{"embeddable":true,"href":"https:\/\/www.ollamatelier.sk\/eshop\/wp-json\/wp\/v2\/media\/1195"}],"wp:attachment":[{"href":"https:\/\/www.ollamatelier.sk\/eshop\/wp-json\/wp\/v2\/media?parent=1194"}],"wp:term":[{"taxonomy":"product_cat","embeddable":true,"href":"https:\/\/www.ollamatelier.sk\/eshop\/wp-json\/wp\/v2\/product_cat?post=1194"},{"taxonomy":"product_tag","embeddable":true,"href":"https:\/\/www.ollamatelier.sk\/eshop\/wp-json\/wp\/v2\/product_tag?post=1194"}],"curies":[{"name":"wp","href":"https:\/\/api.w.org\/{rel}","templated":true}]}}