{"id":1070,"date":"2024-10-17T12:22:43","date_gmt":"2024-10-17T12:22:43","guid":{"rendered":"https:\/\/www.ollamatelier.sk\/eshop\/?post_type=product&#038;p=1070"},"modified":"2025-01-21T11:33:20","modified_gmt":"2025-01-21T11:33:20","slug":"svietnik-navy","status":"publish","type":"product","link":"https:\/\/www.ollamatelier.sk\/eshop\/produkt\/svietnik-navy\/","title":{"rendered":"Svietnik Navy"},"content":{"rendered":"","protected":false},"excerpt":{"rendered":"<p>\u0160t\u00fdlov\u00fd tmavomodr\u00fd svietnik, ve\u013emi variabiln\u00fd nako\u013eko sa d\u00e1 pou\u017ei\u0165 s vysokou k\u00f3nickou svie\u010dkou ale aj mal\u00fdm kahancom.<\/p>\n<p>Priemer svietnika je 8cm a v\u00fd\u0161ka svietnika je 6cm.<\/p>\n","protected":false},"featured_media":1073,"template":"","meta":{"_et_pb_use_builder":"","_et_pb_old_content":"","_et_gb_content_width":"","bwfblock_default_font":"","_monsterinsights_skip_tracking":false,"_monsterinsights_sitenote_active":false,"_monsterinsights_sitenote_note":"","_monsterinsights_sitenote_category":0},"product_cat":[113],"product_tag":[],"yoast_head":"<!-- This site is optimized with the Yoast SEO plugin v23.5 - https:\/\/yoast.com\/wordpress\/plugins\/seo\/ -->\n<title>Svietnik Navy -<\/title>\n<meta name=\"robots\" content=\"index, follow, max-snippet:-1, max-image-preview:large, max-video-preview:-1\" \/>\n<link rel=\"canonical\" href=\"https:\/\/www.ollamatelier.sk\/eshop\/produkt\/svietnik-navy\/\" \/>\n<meta property=\"og:locale\" content=\"sk_SK\" \/>\n<meta property=\"og:type\" content=\"article\" \/>\n<meta property=\"og:title\" content=\"Svietnik Navy -\" \/>\n<meta property=\"og:description\" content=\"\u0160t\u00fdlov\u00fd tmavomodr\u00fd svietnik, ve\u013emi variabiln\u00fd nako\u013eko sa d\u00e1 pou\u017ei\u0165 s vysokou k\u00f3nickou svie\u010dkou ale aj mal\u00fdm kahancom.  Priemer svietnika je 8cm a v\u00fd\u0161ka svietnika je 6cm.\" \/>\n<meta property=\"og:url\" content=\"https:\/\/www.ollamatelier.sk\/eshop\/produkt\/svietnik-navy\/\" \/>\n<meta property=\"article:modified_time\" content=\"2025-01-21T11:33:20+00:00\" \/>\n<meta property=\"og:image\" content=\"https:\/\/www.ollamatelier.sk\/eshop\/wp-content\/uploads\/2024\/10\/IMG_9908-scaled.jpg\" \/>\n\t<meta property=\"og:image:width\" content=\"1920\" \/>\n\t<meta property=\"og:image:height\" content=\"2560\" \/>\n\t<meta property=\"og:image:type\" content=\"image\/jpeg\" \/>\n<meta name=\"twitter:card\" content=\"summary_large_image\" \/>\n<meta name=\"twitter:label1\" content=\"Predpokladan\u00fd \u010das \u010d\u00edtania\" \/>\n\t<meta name=\"twitter:data1\" content=\"1 min\u00fata\" \/>\n<script type=\"application\/ld+json\" class=\"yoast-schema-graph\">{\"@context\":\"https:\/\/schema.org\",\"@graph\":[{\"@type\":\"WebPage\",\"@id\":\"https:\/\/www.ollamatelier.sk\/eshop\/produkt\/svietnik-navy\/\",\"url\":\"https:\/\/www.ollamatelier.sk\/eshop\/produkt\/svietnik-navy\/\",\"name\":\"Svietnik Navy -\",\"isPartOf\":{\"@id\":\"https:\/\/www.ollamatelier.sk\/eshop\/#website\"},\"primaryImageOfPage\":{\"@id\":\"https:\/\/www.ollamatelier.sk\/eshop\/produkt\/svietnik-navy\/#primaryimage\"},\"image\":{\"@id\":\"https:\/\/www.ollamatelier.sk\/eshop\/produkt\/svietnik-navy\/#primaryimage\"},\"thumbnailUrl\":\"https:\/\/www.ollamatelier.sk\/eshop\/wp-content\/uploads\/2024\/10\/IMG_9908-scaled.jpg\",\"datePublished\":\"2024-10-17T12:22:43+00:00\",\"dateModified\":\"2025-01-21T11:33:20+00:00\",\"breadcrumb\":{\"@id\":\"https:\/\/www.ollamatelier.sk\/eshop\/produkt\/svietnik-navy\/#breadcrumb\"},\"inLanguage\":\"sk-SK\",\"potentialAction\":[{\"@type\":\"ReadAction\",\"target\":[\"https:\/\/www.ollamatelier.sk\/eshop\/produkt\/svietnik-navy\/\"]}]},{\"@type\":\"ImageObject\",\"inLanguage\":\"sk-SK\",\"@id\":\"https:\/\/www.ollamatelier.sk\/eshop\/produkt\/svietnik-navy\/#primaryimage\",\"url\":\"https:\/\/www.ollamatelier.sk\/eshop\/wp-content\/uploads\/2024\/10\/IMG_9908-scaled.jpg\",\"contentUrl\":\"https:\/\/www.ollamatelier.sk\/eshop\/wp-content\/uploads\/2024\/10\/IMG_9908-scaled.jpg\",\"width\":1920,\"height\":2560},{\"@type\":\"BreadcrumbList\",\"@id\":\"https:\/\/www.ollamatelier.sk\/eshop\/produkt\/svietnik-navy\/#breadcrumb\",\"itemListElement\":[{\"@type\":\"ListItem\",\"position\":1,\"name\":\"Home\",\"item\":\"https:\/\/www.ollamatelier.sk\/eshop\/\"},{\"@type\":\"ListItem\",\"position\":2,\"name\":\"Obchod\",\"item\":\"https:\/\/www.ollamatelier.sk\/eshop\/obchod\/\"},{\"@type\":\"ListItem\",\"position\":3,\"name\":\"Svietnik Navy\"}]},{\"@type\":\"WebSite\",\"@id\":\"https:\/\/www.ollamatelier.sk\/eshop\/#website\",\"url\":\"https:\/\/www.ollamatelier.sk\/eshop\/\",\"name\":\"\",\"description\":\"Vence, kytice \u010di izbov\u00e9 kvety v\u0161etko pestovan\u00e9 mnou a moj\u00edmi rukami. Okrem in\u00e9ho tu n\u00e1jdete aj doplnky, ktor\u00e9 z\u00fatulnia ka\u017ed\u00fa dom\u00e1cnos\u0165.\",\"potentialAction\":[{\"@type\":\"SearchAction\",\"target\":{\"@type\":\"EntryPoint\",\"urlTemplate\":\"https:\/\/www.ollamatelier.sk\/eshop\/?s={search_term_string}\"},\"query-input\":{\"@type\":\"PropertyValueSpecification\",\"valueRequired\":true,\"valueName\":\"search_term_string\"}}],\"inLanguage\":\"sk-SK\"}]}<\/script>\n<!-- \/ Yoast SEO plugin. -->","yoast_head_json":{"title":"Svietnik Navy -","robots":{"index":"index","follow":"follow","max-snippet":"max-snippet:-1","max-image-preview":"max-image-preview:large","max-video-preview":"max-video-preview:-1"},"canonical":"https:\/\/www.ollamatelier.sk\/eshop\/produkt\/svietnik-navy\/","og_locale":"sk_SK","og_type":"article","og_title":"Svietnik Navy -","og_description":"\u0160t\u00fdlov\u00fd tmavomodr\u00fd svietnik, ve\u013emi variabiln\u00fd nako\u013eko sa d\u00e1 pou\u017ei\u0165 s vysokou k\u00f3nickou svie\u010dkou ale aj mal\u00fdm kahancom.  Priemer svietnika je 8cm a v\u00fd\u0161ka svietnika je 6cm.","og_url":"https:\/\/www.ollamatelier.sk\/eshop\/produkt\/svietnik-navy\/","article_modified_time":"2025-01-21T11:33:20+00:00","og_image":[{"width":1920,"height":2560,"url":"https:\/\/www.ollamatelier.sk\/eshop\/wp-content\/uploads\/2024\/10\/IMG_9908-scaled.jpg","type":"image\/jpeg"}],"twitter_card":"summary_large_image","twitter_misc":{"Predpokladan\u00fd \u010das \u010d\u00edtania":"1 min\u00fata"},"schema":{"@context":"https:\/\/schema.org","@graph":[{"@type":"WebPage","@id":"https:\/\/www.ollamatelier.sk\/eshop\/produkt\/svietnik-navy\/","url":"https:\/\/www.ollamatelier.sk\/eshop\/produkt\/svietnik-navy\/","name":"Svietnik Navy -","isPartOf":{"@id":"https:\/\/www.ollamatelier.sk\/eshop\/#website"},"primaryImageOfPage":{"@id":"https:\/\/www.ollamatelier.sk\/eshop\/produkt\/svietnik-navy\/#primaryimage"},"image":{"@id":"https:\/\/www.ollamatelier.sk\/eshop\/produkt\/svietnik-navy\/#primaryimage"},"thumbnailUrl":"https:\/\/www.ollamatelier.sk\/eshop\/wp-content\/uploads\/2024\/10\/IMG_9908-scaled.jpg","datePublished":"2024-10-17T12:22:43+00:00","dateModified":"2025-01-21T11:33:20+00:00","breadcrumb":{"@id":"https:\/\/www.ollamatelier.sk\/eshop\/produkt\/svietnik-navy\/#breadcrumb"},"inLanguage":"sk-SK","potentialAction":[{"@type":"ReadAction","target":["https:\/\/www.ollamatelier.sk\/eshop\/produkt\/svietnik-navy\/"]}]},{"@type":"ImageObject","inLanguage":"sk-SK","@id":"https:\/\/www.ollamatelier.sk\/eshop\/produkt\/svietnik-navy\/#primaryimage","url":"https:\/\/www.ollamatelier.sk\/eshop\/wp-content\/uploads\/2024\/10\/IMG_9908-scaled.jpg","contentUrl":"https:\/\/www.ollamatelier.sk\/eshop\/wp-content\/uploads\/2024\/10\/IMG_9908-scaled.jpg","width":1920,"height":2560},{"@type":"BreadcrumbList","@id":"https:\/\/www.ollamatelier.sk\/eshop\/produkt\/svietnik-navy\/#breadcrumb","itemListElement":[{"@type":"ListItem","position":1,"name":"Home","item":"https:\/\/www.ollamatelier.sk\/eshop\/"},{"@type":"ListItem","position":2,"name":"Obchod","item":"https:\/\/www.ollamatelier.sk\/eshop\/obchod\/"},{"@type":"ListItem","position":3,"name":"Svietnik Navy"}]},{"@type":"WebSite","@id":"https:\/\/www.ollamatelier.sk\/eshop\/#website","url":"https:\/\/www.ollamatelier.sk\/eshop\/","name":"","description":"Vence, kytice \u010di izbov\u00e9 kvety v\u0161etko pestovan\u00e9 mnou a moj\u00edmi rukami. Okrem in\u00e9ho tu n\u00e1jdete aj doplnky, ktor\u00e9 z\u00fatulnia ka\u017ed\u00fa dom\u00e1cnos\u0165.","potentialAction":[{"@type":"SearchAction","target":{"@type":"EntryPoint","urlTemplate":"https:\/\/www.ollamatelier.sk\/eshop\/?s={search_term_string}"},"query-input":{"@type":"PropertyValueSpecification","valueRequired":true,"valueName":"search_term_string"}}],"inLanguage":"sk-SK"}]}},"_links":{"self":[{"href":"https:\/\/www.ollamatelier.sk\/eshop\/wp-json\/wp\/v2\/product\/1070"}],"collection":[{"href":"https:\/\/www.ollamatelier.sk\/eshop\/wp-json\/wp\/v2\/product"}],"about":[{"href":"https:\/\/www.ollamatelier.sk\/eshop\/wp-json\/wp\/v2\/types\/product"}],"wp:featuredmedia":[{"embeddable":true,"href":"https:\/\/www.ollamatelier.sk\/eshop\/wp-json\/wp\/v2\/media\/1073"}],"wp:attachment":[{"href":"https:\/\/www.ollamatelier.sk\/eshop\/wp-json\/wp\/v2\/media?parent=1070"}],"wp:term":[{"taxonomy":"product_cat","embeddable":true,"href":"https:\/\/www.ollamatelier.sk\/eshop\/wp-json\/wp\/v2\/product_cat?post=1070"},{"taxonomy":"product_tag","embeddable":true,"href":"https:\/\/www.ollamatelier.sk\/eshop\/wp-json\/wp\/v2\/product_tag?post=1070"}],"curies":[{"name":"wp","href":"https:\/\/api.w.org\/{rel}","templated":true}]}}