{"id":634,"date":"2024-01-24T20:14:07","date_gmt":"2024-01-24T20:14:07","guid":{"rendered":"https:\/\/www.ollamatelier.sk\/eshop\/?page_id=634"},"modified":"2024-10-24T21:39:19","modified_gmt":"2024-10-24T21:39:19","slug":"domovska","status":"publish","type":"page","link":"https:\/\/www.ollamatelier.sk\/eshop\/","title":{"rendered":"Obchod"},"content":{"rendered":"<p>[et_pb_section fb_built=&#8220;1&#8243; admin_label=&#8220;Products&#8220; _builder_version=&#8220;4.20.0&#8243; _module_preset=&#8220;default&#8220; background_color=&#8220;gcid-67960745-cc0c-4d73-b86b-ef2d6023be78&#8243; collapsed=&#8220;off&#8220; global_colors_info=&#8220;{%22gcid-67960745-cc0c-4d73-b86b-ef2d6023be78%22:%91%22background_color%22%93}&#8220;][et_pb_row _builder_version=&#8220;4.27.0&#8243; _module_preset=&#8220;default&#8220; global_colors_info=&#8220;{}&#8220;][et_pb_column type=&#8220;4_4&#8243; _builder_version=&#8220;4.20.0&#8243; _module_preset=&#8220;default&#8220; global_colors_info=&#8220;{}&#8220;][et_pb_shop type=&#8220;product_category&#8220; posts_number=&#8220;15&#8243; show_pagination=&#8220;on&#8220; include_categories=&#8220;all&#8220; columns_number=&#8220;5&#8243; _builder_version=&#8220;4.27.2&#8243; _module_preset=&#8220;13071f88-6ca5-4a0f-8a28-7315d99ec5f0&#8243; text_orientation=&#8220;right&#8220; hover_enabled=&#8220;0&#8243; locked=&#8220;off&#8220; global_colors_info=&#8220;{%22gcid-a3412674-3498-4142-ac08-6afad8430048%22:%91%22icon_hover_color%22,%22price_text_color%22,%22rating_text_color%22%93}&#8220; orderby=&#8220;popularity&#8220; sticky_enabled=&#8220;0&#8243;][\/et_pb_shop][\/et_pb_column][\/et_pb_row][et_pb_row _builder_version=&#8220;4.24.0&#8243; _module_preset=&#8220;default&#8220; global_colors_info=&#8220;{}&#8220;][et_pb_column type=&#8220;4_4&#8243; _builder_version=&#8220;4.24.0&#8243; _module_preset=&#8220;default&#8220; global_colors_info=&#8220;{}&#8220;][et_pb_text _builder_version=&#8220;4.24.0&#8243; _module_preset=&#8220;default&#8220; text_font=&#8220;Alice||||||||&#8220; text_text_color=&#8220;#000000&#8243; text_font_size=&#8220;70px&#8220; text_line_height=&#8220;1em&#8220; global_colors_info=&#8220;{}&#8220;]<\/p>\n<p>Nav\u0161t\u00edvte n\u00e1s v na\u0161om ateli\u00e9ri<\/p>\n<p>[\/et_pb_text][\/et_pb_column][\/et_pb_row][\/et_pb_section][et_pb_section fb_built=&#8220;1&#8243; _builder_version=&#8220;4.24.0&#8243; _module_preset=&#8220;default&#8220; global_colors_info=&#8220;{}&#8220;][et_pb_row column_structure=&#8220;1_2,1_2&#8243; _builder_version=&#8220;4.24.0&#8243; _module_preset=&#8220;default&#8220; global_colors_info=&#8220;{}&#8220;][et_pb_column type=&#8220;1_2&#8243; _builder_version=&#8220;4.24.0&#8243; _module_preset=&#8220;default&#8220; global_colors_info=&#8220;{}&#8220;][et_pb_image src=&#8220;https:\/\/www.ollamatelier.sk\/eshop\/wp-content\/uploads\/2024\/04\/IMG_5485-scaled.jpg&#8220; title_text=&#8220;IMG_5485&#8243; _builder_version=&#8220;4.24.0&#8243; _module_preset=&#8220;default&#8220; global_colors_info=&#8220;{}&#8220;][\/et_pb_image][\/et_pb_column][et_pb_column type=&#8220;1_2&#8243; _builder_version=&#8220;4.24.0&#8243; _module_preset=&#8220;default&#8220; global_colors_info=&#8220;{}&#8220;][et_pb_map address=&#8220;Kr\u00ed\u017ena 4092\/38, 811 07 Bratislava, Slovakia&#8220; address_lat=&#8220;48.1549155&#8243; address_lng=&#8220;17.1242877&#8243; _builder_version=&#8220;4.24.0&#8243; _module_preset=&#8220;default&#8220; min_height=&#8220;485px&#8220; custom_margin=&#8220;||52px|||&#8220; global_colors_info=&#8220;{}&#8220;][et_pb_map_pin title=&#8220;Ollam Atelier&#8220; pin_address=&#8220;Kr\u00ed\u017ena 4092\/38, 811 07 Bratislava, Slovakia&#8220; zoom_level=&#8220;15&#8243; pin_address_lat=&#8220;48.1549155&#8243; pin_address_lng=&#8220;17.1242877&#8243; _builder_version=&#8220;4.24.0&#8243; _module_preset=&#8220;default&#8220; global_colors_info=&#8220;{}&#8220; title__hover_enabled=&#8220;on|desktop&#8220; title__hover=&#8220;Ollam Atelier&#8220;][\/et_pb_map_pin][\/et_pb_map][\/et_pb_column][\/et_pb_row][\/et_pb_section][et_pb_section fb_built=&#8220;1&#8243; module_id=&#8220;kontakt&#8220; _builder_version=&#8220;4.24.0&#8243; _module_preset=&#8220;default&#8220; global_colors_info=&#8220;{}&#8220;][et_pb_row column_structure=&#8220;1_3,2_3&#8243; admin_label=&#8220;kontaktn\u00fd formul\u00e1r&#8220; _builder_version=&#8220;4.24.0&#8243; locked=&#8220;off&#8220; collapsed=&#8220;off&#8220; global_colors_info=&#8220;{}&#8220;][et_pb_column type=&#8220;1_3&#8243; _builder_version=&#8220;4.16&#8243; custom_padding=&#8220;|||&#8220; global_colors_info=&#8220;{}&#8220; custom_padding__hover=&#8220;|||&#8220;][et_pb_social_media_follow _builder_version=&#8220;4.20.0&#8243; _module_preset=&#8220;default&#8220; width=&#8220;59.3%&#8220; custom_padding=&#8220;3px|||||&#8220; global_colors_info=&#8220;{}&#8220;][et_pb_social_media_follow_network social_network=&#8220;facebook&#8220; _builder_version=&#8220;4.20.0&#8243; _module_preset=&#8220;default&#8220; global_colors_info=&#8220;{}&#8220; follow_button=&#8220;off&#8220; url_new_window=&#8220;on&#8220;]facebook[\/et_pb_social_media_follow_network][et_pb_social_media_follow_network social_network=&#8220;twitter&#8220; _builder_version=&#8220;4.20.0&#8243; _module_preset=&#8220;default&#8220; global_colors_info=&#8220;{}&#8220; follow_button=&#8220;off&#8220; url_new_window=&#8220;on&#8220;]twitter[\/et_pb_social_media_follow_network][et_pb_social_media_follow_network social_network=&#8220;instagram&#8220; _builder_version=&#8220;4.20.0&#8243; _module_preset=&#8220;default&#8220; global_colors_info=&#8220;{}&#8220; follow_button=&#8220;off&#8220; url_new_window=&#8220;on&#8220;]instagram[\/et_pb_social_media_follow_network][\/et_pb_social_media_follow][et_pb_text admin_label=&#8220;Title&#8220; _builder_version=&#8220;4.16&#8243; text_font=&#8220;||||||||&#8220; text_font_size=&#8220;29px&#8220; header_font=&#8220;||||||||&#8220; header_2_font=&#8220;Alice||||||||&#8220; header_2_font_size=&#8220;36px&#8220; animation_style=&#8220;fold&#8220; animation_direction=&#8220;left&#8220; animation_intensity_fold=&#8220;20%&#8220; animation_starting_opacity=&#8220;100%&#8220; global_colors_info=&#8220;{}&#8220;]<\/p>\n<p>Kontakt<\/p>\n<p>[\/et_pb_text][et_pb_blurb admin_label=&#8220;Address&#8220; _builder_version=&#8220;4.16&#8243; header_font=&#8220;|600|||||||&#8220; header_font_size=&#8220;16px&#8220; header_line_height=&#8220;1.8em&#8220; body_font=&#8220;||||||||&#8220; body_font_size=&#8220;16px&#8220; body_line_height=&#8220;1.8em&#8220; animation_style=&#8220;fold&#8220; animation_direction=&#8220;left&#8220; animation_intensity_fold=&#8220;20%&#8220; animation_starting_opacity=&#8220;100%&#8220; global_colors_info=&#8220;{}&#8220;]info@ollamatelier.sk[\/et_pb_blurb][\/et_pb_column][et_pb_column type=&#8220;2_3&#8243; _builder_version=&#8220;4.16&#8243; custom_padding=&#8220;|||&#8220; global_colors_info=&#8220;{}&#8220; custom_padding__hover=&#8220;|||&#8220;][et_pb_contact_form captcha=&#8220;off&#8220; title=&#8220;Ak ma chcete kontaktova\u0165 oh\u013eadne spolupr\u00e1ce alebo m\u00e1te nejak\u00fa ot\u00e1zku \u010di pripomienku, m\u00f4\u017eete tak spravi\u0165 ni\u017e\u0161ie.&#8220; submit_button_text=&#8220;Odosla\u0165&#8220; admin_label=&#8220;Contact Form&#8220; module_id=&#8220;et_pb_contact_form_0&#8243; _builder_version=&#8220;4.16&#8243; _unique_id=&#8220;24d6d607-af22-492c-8bdf-edfc2995e608&#8243; form_field_background_color=&#8220;rgba(255,255,255,0)&#8220; title_font=&#8220;Alice||||||||&#8220; title_font_size=&#8220;19px&#8220; form_field_font=&#8220;||||||||&#8220; form_field_font_size=&#8220;16px&#8220; custom_button=&#8220;on&#8220; button_text_size=&#8220;14px&#8220; button_text_color=&#8220;#2a2a2a&#8220; button_bg_color=&#8220;#e0c588&#8243; button_border_width=&#8220;12px&#8220; button_border_color=&#8220;#e0c588&#8243; button_border_radius=&#8220;30px&#8220; button_letter_spacing=&#8220;2px&#8220; button_font=&#8220;Poppins|600||on|||||&#8220; button_use_icon=&#8220;off&#8220; animation_style=&#8220;fade&#8220; border_width_all=&#8220;1px&#8220; border_color_all=&#8220;rgba(0,0,0,0.12)&#8220; form_background_color=&#8220;rgba(255,255,255,0)&#8220; global_colors_info=&#8220;{}&#8220;][et_pb_contact_field field_id=&#8220;Meno&#8220; field_title=&#8220;Meno&#8220; _builder_version=&#8220;4.16&#8243; form_field_font=&#8220;||||||||&#8220; global_colors_info=&#8220;{}&#8220; button_text_size__hover_enabled=&#8220;off&#8220; button_one_text_size__hover_enabled=&#8220;off&#8220; button_two_text_size__hover_enabled=&#8220;off&#8220; button_text_color__hover_enabled=&#8220;off&#8220; button_one_text_color__hover_enabled=&#8220;off&#8220; button_two_text_color__hover_enabled=&#8220;off&#8220; button_border_width__hover_enabled=&#8220;off&#8220; button_one_border_width__hover_enabled=&#8220;off&#8220; button_two_border_width__hover_enabled=&#8220;off&#8220; button_border_color__hover_enabled=&#8220;off&#8220; button_one_border_color__hover_enabled=&#8220;off&#8220; button_two_border_color__hover_enabled=&#8220;off&#8220; button_border_radius__hover_enabled=&#8220;off&#8220; button_one_border_radius__hover_enabled=&#8220;off&#8220; button_two_border_radius__hover_enabled=&#8220;off&#8220; button_letter_spacing__hover_enabled=&#8220;off&#8220; button_one_letter_spacing__hover_enabled=&#8220;off&#8220; button_two_letter_spacing__hover_enabled=&#8220;off&#8220; button_bg_color__hover_enabled=&#8220;off&#8220; button_one_bg_color__hover_enabled=&#8220;off&#8220; button_two_bg_color__hover_enabled=&#8220;off&#8220;][\/et_pb_contact_field][et_pb_contact_field field_id=&#8220;Email&#8220; field_title=&#8220;Email &#8220; field_type=&#8220;email&#8220; _builder_version=&#8220;4.16&#8243; global_colors_info=&#8220;{}&#8220; button_text_size__hover_enabled=&#8220;off&#8220; button_one_text_size__hover_enabled=&#8220;off&#8220; button_two_text_size__hover_enabled=&#8220;off&#8220; button_text_color__hover_enabled=&#8220;off&#8220; button_one_text_color__hover_enabled=&#8220;off&#8220; button_two_text_color__hover_enabled=&#8220;off&#8220; button_border_width__hover_enabled=&#8220;off&#8220; button_one_border_width__hover_enabled=&#8220;off&#8220; button_two_border_width__hover_enabled=&#8220;off&#8220; button_border_color__hover_enabled=&#8220;off&#8220; button_one_border_color__hover_enabled=&#8220;off&#8220; button_two_border_color__hover_enabled=&#8220;off&#8220; button_border_radius__hover_enabled=&#8220;off&#8220; button_one_border_radius__hover_enabled=&#8220;off&#8220; button_two_border_radius__hover_enabled=&#8220;off&#8220; button_letter_spacing__hover_enabled=&#8220;off&#8220; button_one_letter_spacing__hover_enabled=&#8220;off&#8220; button_two_letter_spacing__hover_enabled=&#8220;off&#8220; button_bg_color__hover_enabled=&#8220;off&#8220; button_one_bg_color__hover_enabled=&#8220;off&#8220; button_two_bg_color__hover_enabled=&#8220;off&#8220;][\/et_pb_contact_field][et_pb_contact_field field_id=&#8220;Va\u0161a_spr\u00e1va&#8220; field_title=&#8220;Va\u0161a spr\u00e1va&#8220; field_type=&#8220;text&#8220; fullwidth_field=&#8220;on&#8220; _builder_version=&#8220;4.16&#8243; global_colors_info=&#8220;{}&#8220; button_text_size__hover_enabled=&#8220;off&#8220; button_one_text_size__hover_enabled=&#8220;off&#8220; button_two_text_size__hover_enabled=&#8220;off&#8220; button_text_color__hover_enabled=&#8220;off&#8220; button_one_text_color__hover_enabled=&#8220;off&#8220; button_two_text_color__hover_enabled=&#8220;off&#8220; button_border_width__hover_enabled=&#8220;off&#8220; button_one_border_width__hover_enabled=&#8220;off&#8220; button_two_border_width__hover_enabled=&#8220;off&#8220; button_border_color__hover_enabled=&#8220;off&#8220; button_one_border_color__hover_enabled=&#8220;off&#8220; button_two_border_color__hover_enabled=&#8220;off&#8220; button_border_radius__hover_enabled=&#8220;off&#8220; button_one_border_radius__hover_enabled=&#8220;off&#8220; button_two_border_radius__hover_enabled=&#8220;off&#8220; button_letter_spacing__hover_enabled=&#8220;off&#8220; button_one_letter_spacing__hover_enabled=&#8220;off&#8220; button_two_letter_spacing__hover_enabled=&#8220;off&#8220; button_bg_color__hover_enabled=&#8220;off&#8220; button_one_bg_color__hover_enabled=&#8220;off&#8220; button_two_bg_color__hover_enabled=&#8220;off&#8220;][\/et_pb_contact_field][\/et_pb_contact_form][\/et_pb_column][\/et_pb_row][\/et_pb_section]<\/p>\n","protected":false},"excerpt":{"rendered":"<p>Nav\u0161t\u00edvte n\u00e1s v na\u0161om ateli\u00e9riKontaktinfo@ollamatelier.sk<\/p>\n","protected":false},"author":1,"featured_media":0,"parent":0,"menu_order":0,"comment_status":"closed","ping_status":"closed","template":"","meta":{"_et_pb_use_builder":"on","_et_pb_old_content":"","_et_gb_content_width":"","bwfblock_default_font":"","_monsterinsights_skip_tracking":false,"_monsterinsights_sitenote_active":false,"_monsterinsights_sitenote_note":"","_monsterinsights_sitenote_category":0,"footnotes":""},"yoast_head":"<!-- This site is optimized with the Yoast SEO plugin v23.5 - https:\/\/yoast.com\/wordpress\/plugins\/seo\/ -->\n<title>Obchod -<\/title>\n<meta name=\"robots\" content=\"index, follow, max-snippet:-1, max-image-preview:large, max-video-preview:-1\" \/>\n<link rel=\"canonical\" href=\"https:\/\/www.ollamatelier.sk\/eshop\/\" \/>\n<meta property=\"og:locale\" content=\"sk_SK\" \/>\n<meta property=\"og:type\" content=\"article\" \/>\n<meta property=\"og:title\" content=\"Obchod -\" \/>\n<meta property=\"og:description\" content=\"Nav\u0161t\u00edvte n\u00e1s v na\u0161om ateli\u00e9riKontaktinfo@ollamatelier.sk\" \/>\n<meta property=\"og:url\" content=\"https:\/\/www.ollamatelier.sk\/eshop\/\" \/>\n<meta property=\"article:modified_time\" content=\"2024-10-24T21:39:19+00:00\" \/>\n<meta name=\"twitter:card\" content=\"summary_large_image\" \/>\n<meta name=\"twitter:label1\" content=\"Predpokladan\u00fd \u010das \u010d\u00edtania\" \/>\n\t<meta name=\"twitter:data1\" content=\"4 min\u00faty\" \/>\n<script type=\"application\/ld+json\" class=\"yoast-schema-graph\">{\"@context\":\"https:\/\/schema.org\",\"@graph\":[{\"@type\":\"WebPage\",\"@id\":\"https:\/\/www.ollamatelier.sk\/eshop\/\",\"url\":\"https:\/\/www.ollamatelier.sk\/eshop\/\",\"name\":\"Obchod -\",\"isPartOf\":{\"@id\":\"https:\/\/www.ollamatelier.sk\/eshop\/#website\"},\"datePublished\":\"2024-01-24T20:14:07+00:00\",\"dateModified\":\"2024-10-24T21:39:19+00:00\",\"breadcrumb\":{\"@id\":\"https:\/\/www.ollamatelier.sk\/eshop\/#breadcrumb\"},\"inLanguage\":\"sk-SK\",\"potentialAction\":[{\"@type\":\"ReadAction\",\"target\":[\"https:\/\/www.ollamatelier.sk\/eshop\/\"]}]},{\"@type\":\"BreadcrumbList\",\"@id\":\"https:\/\/www.ollamatelier.sk\/eshop\/#breadcrumb\",\"itemListElement\":[{\"@type\":\"ListItem\",\"position\":1,\"name\":\"Home\",\"item\":\"https:\/\/www.ollamatelier.sk\/eshop\/\"},{\"@type\":\"ListItem\",\"position\":2,\"name\":\"Obchod\"}]},{\"@type\":\"WebSite\",\"@id\":\"https:\/\/www.ollamatelier.sk\/eshop\/#website\",\"url\":\"https:\/\/www.ollamatelier.sk\/eshop\/\",\"name\":\"\",\"description\":\"Vence, kytice \u010di izbov\u00e9 kvety v\u0161etko pestovan\u00e9 mnou a moj\u00edmi rukami. Okrem in\u00e9ho tu n\u00e1jdete aj doplnky, ktor\u00e9 z\u00fatulnia ka\u017ed\u00fa dom\u00e1cnos\u0165.\",\"potentialAction\":[{\"@type\":\"SearchAction\",\"target\":{\"@type\":\"EntryPoint\",\"urlTemplate\":\"https:\/\/www.ollamatelier.sk\/eshop\/?s={search_term_string}\"},\"query-input\":{\"@type\":\"PropertyValueSpecification\",\"valueRequired\":true,\"valueName\":\"search_term_string\"}}],\"inLanguage\":\"sk-SK\"}]}<\/script>\n<!-- \/ Yoast SEO plugin. -->","yoast_head_json":{"title":"Obchod -","robots":{"index":"index","follow":"follow","max-snippet":"max-snippet:-1","max-image-preview":"max-image-preview:large","max-video-preview":"max-video-preview:-1"},"canonical":"https:\/\/www.ollamatelier.sk\/eshop\/","og_locale":"sk_SK","og_type":"article","og_title":"Obchod -","og_description":"Nav\u0161t\u00edvte n\u00e1s v na\u0161om ateli\u00e9riKontaktinfo@ollamatelier.sk","og_url":"https:\/\/www.ollamatelier.sk\/eshop\/","article_modified_time":"2024-10-24T21:39:19+00:00","twitter_card":"summary_large_image","twitter_misc":{"Predpokladan\u00fd \u010das \u010d\u00edtania":"4 min\u00faty"},"schema":{"@context":"https:\/\/schema.org","@graph":[{"@type":"WebPage","@id":"https:\/\/www.ollamatelier.sk\/eshop\/","url":"https:\/\/www.ollamatelier.sk\/eshop\/","name":"Obchod -","isPartOf":{"@id":"https:\/\/www.ollamatelier.sk\/eshop\/#website"},"datePublished":"2024-01-24T20:14:07+00:00","dateModified":"2024-10-24T21:39:19+00:00","breadcrumb":{"@id":"https:\/\/www.ollamatelier.sk\/eshop\/#breadcrumb"},"inLanguage":"sk-SK","potentialAction":[{"@type":"ReadAction","target":["https:\/\/www.ollamatelier.sk\/eshop\/"]}]},{"@type":"BreadcrumbList","@id":"https:\/\/www.ollamatelier.sk\/eshop\/#breadcrumb","itemListElement":[{"@type":"ListItem","position":1,"name":"Home","item":"https:\/\/www.ollamatelier.sk\/eshop\/"},{"@type":"ListItem","position":2,"name":"Obchod"}]},{"@type":"WebSite","@id":"https:\/\/www.ollamatelier.sk\/eshop\/#website","url":"https:\/\/www.ollamatelier.sk\/eshop\/","name":"","description":"Vence, kytice \u010di izbov\u00e9 kvety v\u0161etko pestovan\u00e9 mnou a moj\u00edmi rukami. Okrem in\u00e9ho tu n\u00e1jdete aj doplnky, ktor\u00e9 z\u00fatulnia ka\u017ed\u00fa dom\u00e1cnos\u0165.","potentialAction":[{"@type":"SearchAction","target":{"@type":"EntryPoint","urlTemplate":"https:\/\/www.ollamatelier.sk\/eshop\/?s={search_term_string}"},"query-input":{"@type":"PropertyValueSpecification","valueRequired":true,"valueName":"search_term_string"}}],"inLanguage":"sk-SK"}]}},"_links":{"self":[{"href":"https:\/\/www.ollamatelier.sk\/eshop\/wp-json\/wp\/v2\/pages\/634"}],"collection":[{"href":"https:\/\/www.ollamatelier.sk\/eshop\/wp-json\/wp\/v2\/pages"}],"about":[{"href":"https:\/\/www.ollamatelier.sk\/eshop\/wp-json\/wp\/v2\/types\/page"}],"author":[{"embeddable":true,"href":"https:\/\/www.ollamatelier.sk\/eshop\/wp-json\/wp\/v2\/users\/1"}],"replies":[{"embeddable":true,"href":"https:\/\/www.ollamatelier.sk\/eshop\/wp-json\/wp\/v2\/comments?post=634"}],"version-history":[{"count":5,"href":"https:\/\/www.ollamatelier.sk\/eshop\/wp-json\/wp\/v2\/pages\/634\/revisions"}],"predecessor-version":[{"id":1111,"href":"https:\/\/www.ollamatelier.sk\/eshop\/wp-json\/wp\/v2\/pages\/634\/revisions\/1111"}],"wp:attachment":[{"href":"https:\/\/www.ollamatelier.sk\/eshop\/wp-json\/wp\/v2\/media?parent=634"}],"curies":[{"name":"wp","href":"https:\/\/api.w.org\/{rel}","templated":true}]}}