{"id":1162,"date":"2025-01-26T20:59:54","date_gmt":"2025-01-26T20:59:54","guid":{"rendered":"https:\/\/www.ollamatelier.sk\/eshop\/?page_id=1162"},"modified":"2025-03-25T12:47:37","modified_gmt":"2025-03-25T12:47:37","slug":"lampy","status":"publish","type":"page","link":"https:\/\/www.ollamatelier.sk\/eshop\/interierove-doplnky\/lampy\/","title":{"rendered":"Lampy"},"content":{"rendered":"<p>[et_pb_section fb_built=&#8220;1&#8243; _builder_version=&#8220;4.27.2&#8243; _module_preset=&#8220;default&#8220; global_colors_info=&#8220;{}&#8220;][et_pb_row _builder_version=&#8220;4.27.2&#8243; _module_preset=&#8220;default&#8220; global_colors_info=&#8220;{}&#8220;][et_pb_column type=&#8220;4_4&#8243; _builder_version=&#8220;4.27.2&#8243; _module_preset=&#8220;default&#8220; global_colors_info=&#8220;{}&#8220;][et_pb_shop _builder_version=&#8220;4.27.2&#8243; _module_preset=&#8220;default&#8220; hover_enabled=&#8220;0&#8243; global_colors_info=&#8220;{}&#8220; type=&#8220;product_category&#8220; sticky_enabled=&#8220;0&#8243;][\/et_pb_shop][\/et_pb_column][\/et_pb_row][\/et_pb_section]<\/p>\n","protected":false},"excerpt":{"rendered":"","protected":false},"author":1,"featured_media":0,"parent":650,"menu_order":0,"comment_status":"closed","ping_status":"closed","template":"","meta":{"_et_pb_use_builder":"on","_et_pb_old_content":"","_et_gb_content_width":"","bwfblock_default_font":"","_monsterinsights_skip_tracking":false,"_monsterinsights_sitenote_active":false,"_monsterinsights_sitenote_note":"","_monsterinsights_sitenote_category":0,"footnotes":""},"yoast_head":"<!-- This site is optimized with the Yoast SEO plugin v23.5 - https:\/\/yoast.com\/wordpress\/plugins\/seo\/ -->\n<title>Lampy -<\/title>\n<meta name=\"robots\" content=\"index, follow, max-snippet:-1, max-image-preview:large, max-video-preview:-1\" \/>\n<link rel=\"canonical\" href=\"https:\/\/www.ollamatelier.sk\/eshop\/interierove-doplnky\/lampy\/\" \/>\n<meta property=\"og:locale\" content=\"sk_SK\" \/>\n<meta property=\"og:type\" content=\"article\" \/>\n<meta property=\"og:title\" content=\"Lampy -\" \/>\n<meta property=\"og:url\" content=\"https:\/\/www.ollamatelier.sk\/eshop\/interierove-doplnky\/lampy\/\" \/>\n<meta property=\"article:modified_time\" content=\"2025-03-25T12:47:37+00:00\" \/>\n<meta name=\"twitter:card\" content=\"summary_large_image\" \/>\n<meta name=\"twitter:label1\" content=\"Predpokladan\u00fd \u010das \u010d\u00edtania\" \/>\n\t<meta name=\"twitter:data1\" content=\"3 min\u00faty\" \/>\n<script type=\"application\/ld+json\" class=\"yoast-schema-graph\">{\"@context\":\"https:\/\/schema.org\",\"@graph\":[{\"@type\":\"WebPage\",\"@id\":\"https:\/\/www.ollamatelier.sk\/eshop\/interierove-doplnky\/lampy\/\",\"url\":\"https:\/\/www.ollamatelier.sk\/eshop\/interierove-doplnky\/lampy\/\",\"name\":\"Lampy -\",\"isPartOf\":{\"@id\":\"https:\/\/www.ollamatelier.sk\/eshop\/#website\"},\"datePublished\":\"2025-01-26T20:59:54+00:00\",\"dateModified\":\"2025-03-25T12:47:37+00:00\",\"breadcrumb\":{\"@id\":\"https:\/\/www.ollamatelier.sk\/eshop\/interierove-doplnky\/lampy\/#breadcrumb\"},\"inLanguage\":\"sk-SK\",\"potentialAction\":[{\"@type\":\"ReadAction\",\"target\":[\"https:\/\/www.ollamatelier.sk\/eshop\/interierove-doplnky\/lampy\/\"]}]},{\"@type\":\"BreadcrumbList\",\"@id\":\"https:\/\/www.ollamatelier.sk\/eshop\/interierove-doplnky\/lampy\/#breadcrumb\",\"itemListElement\":[{\"@type\":\"ListItem\",\"position\":1,\"name\":\"Home\",\"item\":\"https:\/\/www.ollamatelier.sk\/eshop\/\"},{\"@type\":\"ListItem\",\"position\":2,\"name\":\"Interi\u00e9rov\u00e9 doplnky\",\"item\":\"https:\/\/www.ollamatelier.sk\/eshop\/interierove-doplnky\/\"},{\"@type\":\"ListItem\",\"position\":3,\"name\":\"Lampy\"}]},{\"@type\":\"WebSite\",\"@id\":\"https:\/\/www.ollamatelier.sk\/eshop\/#website\",\"url\":\"https:\/\/www.ollamatelier.sk\/eshop\/\",\"name\":\"\",\"description\":\"Vence, kytice \u010di izbov\u00e9 kvety v\u0161etko pestovan\u00e9 mnou a moj\u00edmi rukami. Okrem in\u00e9ho tu n\u00e1jdete aj doplnky, ktor\u00e9 z\u00fatulnia ka\u017ed\u00fa dom\u00e1cnos\u0165.\",\"potentialAction\":[{\"@type\":\"SearchAction\",\"target\":{\"@type\":\"EntryPoint\",\"urlTemplate\":\"https:\/\/www.ollamatelier.sk\/eshop\/?s={search_term_string}\"},\"query-input\":{\"@type\":\"PropertyValueSpecification\",\"valueRequired\":true,\"valueName\":\"search_term_string\"}}],\"inLanguage\":\"sk-SK\"}]}<\/script>\n<!-- \/ Yoast SEO plugin. -->","yoast_head_json":{"title":"Lampy -","robots":{"index":"index","follow":"follow","max-snippet":"max-snippet:-1","max-image-preview":"max-image-preview:large","max-video-preview":"max-video-preview:-1"},"canonical":"https:\/\/www.ollamatelier.sk\/eshop\/interierove-doplnky\/lampy\/","og_locale":"sk_SK","og_type":"article","og_title":"Lampy -","og_url":"https:\/\/www.ollamatelier.sk\/eshop\/interierove-doplnky\/lampy\/","article_modified_time":"2025-03-25T12:47:37+00:00","twitter_card":"summary_large_image","twitter_misc":{"Predpokladan\u00fd \u010das \u010d\u00edtania":"3 min\u00faty"},"schema":{"@context":"https:\/\/schema.org","@graph":[{"@type":"WebPage","@id":"https:\/\/www.ollamatelier.sk\/eshop\/interierove-doplnky\/lampy\/","url":"https:\/\/www.ollamatelier.sk\/eshop\/interierove-doplnky\/lampy\/","name":"Lampy -","isPartOf":{"@id":"https:\/\/www.ollamatelier.sk\/eshop\/#website"},"datePublished":"2025-01-26T20:59:54+00:00","dateModified":"2025-03-25T12:47:37+00:00","breadcrumb":{"@id":"https:\/\/www.ollamatelier.sk\/eshop\/interierove-doplnky\/lampy\/#breadcrumb"},"inLanguage":"sk-SK","potentialAction":[{"@type":"ReadAction","target":["https:\/\/www.ollamatelier.sk\/eshop\/interierove-doplnky\/lampy\/"]}]},{"@type":"BreadcrumbList","@id":"https:\/\/www.ollamatelier.sk\/eshop\/interierove-doplnky\/lampy\/#breadcrumb","itemListElement":[{"@type":"ListItem","position":1,"name":"Home","item":"https:\/\/www.ollamatelier.sk\/eshop\/"},{"@type":"ListItem","position":2,"name":"Interi\u00e9rov\u00e9 doplnky","item":"https:\/\/www.ollamatelier.sk\/eshop\/interierove-doplnky\/"},{"@type":"ListItem","position":3,"name":"Lampy"}]},{"@type":"WebSite","@id":"https:\/\/www.ollamatelier.sk\/eshop\/#website","url":"https:\/\/www.ollamatelier.sk\/eshop\/","name":"","description":"Vence, kytice \u010di izbov\u00e9 kvety v\u0161etko pestovan\u00e9 mnou a moj\u00edmi rukami. Okrem in\u00e9ho tu n\u00e1jdete aj doplnky, ktor\u00e9 z\u00fatulnia ka\u017ed\u00fa dom\u00e1cnos\u0165.","potentialAction":[{"@type":"SearchAction","target":{"@type":"EntryPoint","urlTemplate":"https:\/\/www.ollamatelier.sk\/eshop\/?s={search_term_string}"},"query-input":{"@type":"PropertyValueSpecification","valueRequired":true,"valueName":"search_term_string"}}],"inLanguage":"sk-SK"}]}},"_links":{"self":[{"href":"https:\/\/www.ollamatelier.sk\/eshop\/wp-json\/wp\/v2\/pages\/1162"}],"collection":[{"href":"https:\/\/www.ollamatelier.sk\/eshop\/wp-json\/wp\/v2\/pages"}],"about":[{"href":"https:\/\/www.ollamatelier.sk\/eshop\/wp-json\/wp\/v2\/types\/page"}],"author":[{"embeddable":true,"href":"https:\/\/www.ollamatelier.sk\/eshop\/wp-json\/wp\/v2\/users\/1"}],"replies":[{"embeddable":true,"href":"https:\/\/www.ollamatelier.sk\/eshop\/wp-json\/wp\/v2\/comments?post=1162"}],"version-history":[{"count":5,"href":"https:\/\/www.ollamatelier.sk\/eshop\/wp-json\/wp\/v2\/pages\/1162\/revisions"}],"predecessor-version":[{"id":1243,"href":"https:\/\/www.ollamatelier.sk\/eshop\/wp-json\/wp\/v2\/pages\/1162\/revisions\/1243"}],"up":[{"embeddable":true,"href":"https:\/\/www.ollamatelier.sk\/eshop\/wp-json\/wp\/v2\/pages\/650"}],"wp:attachment":[{"href":"https:\/\/www.ollamatelier.sk\/eshop\/wp-json\/wp\/v2\/media?parent=1162"}],"curies":[{"name":"wp","href":"https:\/\/api.w.org\/{rel}","templated":true}]}}